{"id":11,"date":"2018-01-19T16:04:56","date_gmt":"2018-01-19T15:04:56","guid":{"rendered":"https:\/\/volgueta.com\/informacion\/?page_id=11"},"modified":"2021-02-02T12:03:53","modified_gmt":"2021-02-02T12:03:53","slug":"contacto","status":"publish","type":"page","link":"https:\/\/www.volgueta.com\/informacion\/contacto\/","title":{"rendered":"Cont\u00e1ctame"},"content":{"rendered":"\n<h2 class=\"wp-block-heading\" style=\"line-height:1.5\">v\u00f6lgueta joyas de papel reciclado  &#8211; Olga Codina Trallero<\/h2>\n\n\n\n<p class=\"has-luminous-vivid-amber-color has-text-color has-medium-font-size\" style=\"line-height:0.9\">info@volgueta.com \/ 647480717<\/p>\n\n\n\n<p>Puedes contactarme para cualquier consulta o encargo personalizado a trav\u00e9s del correo electr\u00f3nico y  de whatsapp y&nbsp; llamada . Intentar\u00e9 solucionarlo  lo antes posible.<\/p>\n\n\n\n<p>Y tambi\u00e9n puedes usar los siguientes canales de contacto:<\/p>\n\n\n\n<div class=\"wp-block-group\"><div class=\"wp-block-group__inner-container is-layout-flow wp-block-group-is-layout-flow\">\n<div class=\"wp-block-columns is-layout-flex wp-container-core-columns-is-layout-9d6595d7 wp-block-columns-is-layout-flex\">\n<div class=\"wp-block-column is-layout-flow wp-block-column-is-layout-flow\">\n<div class=\"wp-block-buttons is-layout-flex wp-block-buttons-is-layout-flex\">\n<div class=\"wp-block-button is-style-outline is-style-outline--1\"><a class=\"wp-block-button__link\" href=\"https:\/\/www.volgueta.com\/informacion\/formulario-contacto\/\" style=\"border-radius:50px\" target=\"_blank\" rel=\"noreferrer noopener\">Formulario contacto<\/a><\/div>\n<\/div>\n<\/div>\n\n\n\n<div class=\"wp-block-column is-layout-flow wp-block-column-is-layout-flow\">\n<div class=\"wp-block-buttons is-layout-flex wp-block-buttons-is-layout-flex\">\n<div class=\"wp-block-button is-style-outline is-style-outline--2\"><a class=\"wp-block-button__link\" href=\"https:\/\/www.instagram.com\/accounts\/login\/\" style=\"border-radius:48px\" target=\"_blank\" rel=\"noreferrer noopener\">Instagram @volgueta <\/a><\/div>\n<\/div>\n<\/div>\n\n\n\n<div class=\"wp-block-column is-layout-flow wp-block-column-is-layout-flow\">\n<div class=\"wp-block-buttons is-layout-flex wp-block-buttons-is-layout-flex\">\n<div class=\"wp-block-button is-style-outline is-style-outline--3\"><a class=\"wp-block-button__link\" href=\"https:\/\/www.facebook.com\/volgueta\/\" style=\"border-radius:50px\" target=\"_blank\" rel=\"noreferrer noopener\">Facebook volgueta<\/a><\/div>\n<\/div>\n<\/div>\n<\/div>\n<\/div><\/div>\n\n\n\n<div class=\"wp-block-buttons is-layout-flex wp-block-buttons-is-layout-flex\">\n<div class=\"wp-block-button is-style-outline is-style-outline--4\"><a class=\"wp-block-button__link has-black-color has-luminous-vivid-amber-background-color has-text-color has-background\" href=\"http:\/\/www.volgueta.com\" style=\"border-radius:50px\" target=\"_blank\" rel=\"noreferrer noopener\">Recuerda visitar la TIENDA ONLINE  de v\u00f6lgueta <\/a><\/div>\n<\/div>\n\n\n\n<hr class=\"wp-block-separator is-style-default\"\/>\n\n\n\n<p class=\"has-small-font-size\">Febrero 2021: La tienda online a\u00fan no est\u00e1 operativa, usa el <a href=\"https:\/\/www.volgueta.com\/informacion\/contacto\/\" target=\"_blank\" rel=\"noreferrer noopener\">contacto<\/a> para hacer tus compras de joyas v\u00f6lgueta<\/p>\n","protected":false},"excerpt":{"rendered":"<p>v\u00f6lgueta joyas de papel reciclado &#8211; Olga Codina Trallero info@volgueta.com \/ 647480717 Puedes contactarme para cualquier consulta o encargo personalizado a trav\u00e9s del correo electr\u00f3nico y de whatsapp y&nbsp; llamada . Intentar\u00e9 solucionarlo lo antes posible. Y tambi\u00e9n puedes usar los siguientes canales de contacto: Febrero 2021: La tienda online a\u00fan no est\u00e1 operativa, usa &hellip; <\/p>\n<p class=\"link-more\"><a href=\"https:\/\/www.volgueta.com\/informacion\/contacto\/\" class=\"more-link\">Continua llegint <span class=\"screen-reader-text\">\u00abCont\u00e1ctame\u00bb<\/span><\/a><\/p>\n","protected":false},"author":1,"featured_media":0,"parent":0,"menu_order":0,"comment_status":"closed","ping_status":"closed","template":"","meta":{"footnotes":""},"class_list":["post-11","page","type-page","status-publish","hentry"],"yoast_head":"<!-- This site is optimized with the Yoast SEO plugin v27.5 - https:\/\/yoast.com\/product\/yoast-seo-wordpress\/ -->\n<title>Contacta con v\u00f6lgueta, joyas de papel reciclado- Barcelona<\/title>\n<meta name=\"description\" content=\"Puedes contactar con v\u00f6lgueta, joyas de papel reciclado a trav\u00e9s del correo el\u00e9ctr\u00f3nico olga@volgueta.com o al n\u00famero de tel\u00e9fono 647480717 as\u00ed como a trav\u00e9s de las redes sociales. No dudes en contactarme para cualquier consulta o encargo personalizado.\" \/>\n<meta name=\"robots\" content=\"index, follow, max-snippet:-1, max-image-preview:large, max-video-preview:-1\" \/>\n<link rel=\"canonical\" href=\"https:\/\/www.volgueta.com\/informacion\/contacto\/\" \/>\n<meta property=\"og:locale\" content=\"ca_ES\" \/>\n<meta property=\"og:type\" content=\"article\" \/>\n<meta property=\"og:title\" content=\"Contacta con v\u00f6lgueta, joyas de papel reciclado- Barcelona\" \/>\n<meta property=\"og:description\" content=\"Puedes contactar con v\u00f6lgueta, joyas de papel reciclado a trav\u00e9s del correo el\u00e9ctr\u00f3nico olga@volgueta.com o al n\u00famero de tel\u00e9fono 647480717 as\u00ed como a trav\u00e9s de las redes sociales. No dudes en contactarme para cualquier consulta o encargo personalizado.\" \/>\n<meta property=\"og:url\" content=\"https:\/\/www.volgueta.com\/informacion\/contacto\/\" \/>\n<meta property=\"og:site_name\" content=\"Joyas de papel reciclado v\u00f6lgueta\" \/>\n<meta property=\"article:publisher\" content=\"https:\/\/www.facebook.com\/volgueta\/\" \/>\n<meta property=\"article:modified_time\" content=\"2021-02-02T12:03:53+00:00\" \/>\n<meta name=\"twitter:card\" content=\"summary_large_image\" \/>\n<meta name=\"twitter:label1\" content=\"Temps estimat de lectura\" \/>\n\t<meta name=\"twitter:data1\" content=\"1 minut\" \/>\n<script type=\"application\/ld+json\" class=\"yoast-schema-graph\">{\"@context\":\"https:\\\/\\\/schema.org\",\"@graph\":[{\"@type\":\"WebPage\",\"@id\":\"https:\\\/\\\/www.volgueta.com\\\/informacion\\\/contacto\\\/\",\"url\":\"https:\\\/\\\/www.volgueta.com\\\/informacion\\\/contacto\\\/\",\"name\":\"Contacta con v\u00f6lgueta, joyas de papel reciclado- Barcelona\",\"isPartOf\":{\"@id\":\"https:\\\/\\\/www.volgueta.com\\\/informacion\\\/#website\"},\"datePublished\":\"2018-01-19T15:04:56+00:00\",\"dateModified\":\"2021-02-02T12:03:53+00:00\",\"description\":\"Puedes contactar con v\u00f6lgueta, joyas de papel reciclado a trav\u00e9s del correo el\u00e9ctr\u00f3nico olga@volgueta.com o al n\u00famero de tel\u00e9fono 647480717 as\u00ed como a trav\u00e9s de las redes sociales. No dudes en contactarme para cualquier consulta o encargo personalizado.\",\"breadcrumb\":{\"@id\":\"https:\\\/\\\/www.volgueta.com\\\/informacion\\\/contacto\\\/#breadcrumb\"},\"inLanguage\":\"ca\",\"potentialAction\":[{\"@type\":\"ReadAction\",\"target\":[\"https:\\\/\\\/www.volgueta.com\\\/informacion\\\/contacto\\\/\"]}]},{\"@type\":\"BreadcrumbList\",\"@id\":\"https:\\\/\\\/www.volgueta.com\\\/informacion\\\/contacto\\\/#breadcrumb\",\"itemListElement\":[{\"@type\":\"ListItem\",\"position\":1,\"name\":\"Portada\",\"item\":\"https:\\\/\\\/www.volgueta.com\\\/informacion\\\/\"},{\"@type\":\"ListItem\",\"position\":2,\"name\":\"Cont\u00e1ctame\"}]},{\"@type\":\"WebSite\",\"@id\":\"https:\\\/\\\/www.volgueta.com\\\/informacion\\\/#website\",\"url\":\"https:\\\/\\\/www.volgueta.com\\\/informacion\\\/\",\"name\":\"Informaci\u00f3n sobre las joyas de papel reciclado v\u00f6lgueta\",\"description\":\"Informaci\u00f3n y otras not\u00edcias de inter\u00e9s sobre v\u00f6lgueta, joyas de papel reciclado\",\"potentialAction\":[{\"@type\":\"SearchAction\",\"target\":{\"@type\":\"EntryPoint\",\"urlTemplate\":\"https:\\\/\\\/www.volgueta.com\\\/informacion\\\/?s={search_term_string}\"},\"query-input\":{\"@type\":\"PropertyValueSpecification\",\"valueRequired\":true,\"valueName\":\"search_term_string\"}}],\"inLanguage\":\"ca\"}]}<\/script>\n<!-- \/ Yoast SEO plugin. -->","yoast_head_json":{"title":"Contacta con v\u00f6lgueta, joyas de papel reciclado- Barcelona","description":"Puedes contactar con v\u00f6lgueta, joyas de papel reciclado a trav\u00e9s del correo el\u00e9ctr\u00f3nico olga@volgueta.com o al n\u00famero de tel\u00e9fono 647480717 as\u00ed como a trav\u00e9s de las redes sociales. No dudes en contactarme para cualquier consulta o encargo personalizado.","robots":{"index":"index","follow":"follow","max-snippet":"max-snippet:-1","max-image-preview":"max-image-preview:large","max-video-preview":"max-video-preview:-1"},"canonical":"https:\/\/www.volgueta.com\/informacion\/contacto\/","og_locale":"ca_ES","og_type":"article","og_title":"Contacta con v\u00f6lgueta, joyas de papel reciclado- Barcelona","og_description":"Puedes contactar con v\u00f6lgueta, joyas de papel reciclado a trav\u00e9s del correo el\u00e9ctr\u00f3nico olga@volgueta.com o al n\u00famero de tel\u00e9fono 647480717 as\u00ed como a trav\u00e9s de las redes sociales. No dudes en contactarme para cualquier consulta o encargo personalizado.","og_url":"https:\/\/www.volgueta.com\/informacion\/contacto\/","og_site_name":"Joyas de papel reciclado v\u00f6lgueta","article_publisher":"https:\/\/www.facebook.com\/volgueta\/","article_modified_time":"2021-02-02T12:03:53+00:00","twitter_card":"summary_large_image","twitter_misc":{"Temps estimat de lectura":"1 minut"},"schema":{"@context":"https:\/\/schema.org","@graph":[{"@type":"WebPage","@id":"https:\/\/www.volgueta.com\/informacion\/contacto\/","url":"https:\/\/www.volgueta.com\/informacion\/contacto\/","name":"Contacta con v\u00f6lgueta, joyas de papel reciclado- Barcelona","isPartOf":{"@id":"https:\/\/www.volgueta.com\/informacion\/#website"},"datePublished":"2018-01-19T15:04:56+00:00","dateModified":"2021-02-02T12:03:53+00:00","description":"Puedes contactar con v\u00f6lgueta, joyas de papel reciclado a trav\u00e9s del correo el\u00e9ctr\u00f3nico olga@volgueta.com o al n\u00famero de tel\u00e9fono 647480717 as\u00ed como a trav\u00e9s de las redes sociales. No dudes en contactarme para cualquier consulta o encargo personalizado.","breadcrumb":{"@id":"https:\/\/www.volgueta.com\/informacion\/contacto\/#breadcrumb"},"inLanguage":"ca","potentialAction":[{"@type":"ReadAction","target":["https:\/\/www.volgueta.com\/informacion\/contacto\/"]}]},{"@type":"BreadcrumbList","@id":"https:\/\/www.volgueta.com\/informacion\/contacto\/#breadcrumb","itemListElement":[{"@type":"ListItem","position":1,"name":"Portada","item":"https:\/\/www.volgueta.com\/informacion\/"},{"@type":"ListItem","position":2,"name":"Cont\u00e1ctame"}]},{"@type":"WebSite","@id":"https:\/\/www.volgueta.com\/informacion\/#website","url":"https:\/\/www.volgueta.com\/informacion\/","name":"Informaci\u00f3n sobre las joyas de papel reciclado v\u00f6lgueta","description":"Informaci\u00f3n y otras not\u00edcias de inter\u00e9s sobre v\u00f6lgueta, joyas de papel reciclado","potentialAction":[{"@type":"SearchAction","target":{"@type":"EntryPoint","urlTemplate":"https:\/\/www.volgueta.com\/informacion\/?s={search_term_string}"},"query-input":{"@type":"PropertyValueSpecification","valueRequired":true,"valueName":"search_term_string"}}],"inLanguage":"ca"}]}},"_links":{"self":[{"href":"https:\/\/www.volgueta.com\/informacion\/wp-json\/wp\/v2\/pages\/11","targetHints":{"allow":["GET"]}}],"collection":[{"href":"https:\/\/www.volgueta.com\/informacion\/wp-json\/wp\/v2\/pages"}],"about":[{"href":"https:\/\/www.volgueta.com\/informacion\/wp-json\/wp\/v2\/types\/page"}],"author":[{"embeddable":true,"href":"https:\/\/www.volgueta.com\/informacion\/wp-json\/wp\/v2\/users\/1"}],"replies":[{"embeddable":true,"href":"https:\/\/www.volgueta.com\/informacion\/wp-json\/wp\/v2\/comments?post=11"}],"version-history":[{"count":0,"href":"https:\/\/www.volgueta.com\/informacion\/wp-json\/wp\/v2\/pages\/11\/revisions"}],"wp:attachment":[{"href":"https:\/\/www.volgueta.com\/informacion\/wp-json\/wp\/v2\/media?parent=11"}],"curies":[{"name":"wp","href":"https:\/\/api.w.org\/{rel}","templated":true}]}}